{"id":456,"date":"2022-03-10T14:40:17","date_gmt":"2022-03-10T14:40:17","guid":{"rendered":"https:\/\/auvidis.ag\/?page_id=456"},"modified":"2026-01-08T11:36:09","modified_gmt":"2026-01-08T11:36:09","slug":"impressum","status":"publish","type":"page","link":"https:\/\/auvidis.ag\/en\/impressum\/","title":{"rendered":"Imprint"},"content":{"rendered":"<div data-elementor-type=\"wp-page\" data-elementor-id=\"456\" class=\"elementor elementor-456\" data-elementor-post-type=\"page\">\n\t\t\t\t\t\t<section class=\"elementor-section elementor-top-section elementor-element elementor-element-d12013c elementor-section-full_width elementor-section-height-min-height elementor-section-height-default elementor-section-items-middle\" data-id=\"d12013c\" data-element_type=\"section\" data-e-type=\"section\" data-settings=\"{&quot;background_background&quot;:&quot;classic&quot;}\">\n\t\t\t\t\t\t<div class=\"elementor-container elementor-column-gap-wider\">\n\t\t\t\t\t<div class=\"elementor-column elementor-col-100 elementor-top-column elementor-element elementor-element-4f6d685\" data-id=\"4f6d685\" data-element_type=\"column\" data-e-type=\"column\">\n\t\t\t<div class=\"elementor-widget-wrap elementor-element-populated\">\n\t\t\t\t\t\t<div class=\"elementor-element elementor-element-dda01a8 elementor-widget elementor-widget-heading\" data-id=\"dda01a8\" data-element_type=\"widget\" data-e-type=\"widget\" data-widget_type=\"heading.default\">\n\t\t\t\t<div class=\"elementor-widget-container\">\n\t\t\t\t\t<h1 class=\"elementor-heading-title elementor-size-default\">Imprint<\/h1>\t\t\t\t<\/div>\n\t\t\t\t<\/div>\n\t\t\t\t\t<\/div>\n\t\t<\/div>\n\t\t\t\t\t<\/div>\n\t\t<\/section>\n\t\t\t\t<section class=\"elementor-section elementor-top-section elementor-element elementor-element-780e2a9 elementor-section-full_width elementor-reverse-mobile elementor-section-height-default elementor-section-height-default\" data-id=\"780e2a9\" data-element_type=\"section\" data-e-type=\"section\" id=\"anchor1\" data-settings=\"{&quot;background_background&quot;:&quot;classic&quot;}\">\n\t\t\t\t\t\t<div class=\"elementor-container elementor-column-gap-default\">\n\t\t\t\t\t<div class=\"elementor-column elementor-col-100 elementor-top-column elementor-element elementor-element-138e030\" data-id=\"138e030\" data-element_type=\"column\" data-e-type=\"column\">\n\t\t\t<div class=\"elementor-widget-wrap elementor-element-populated\">\n\t\t\t\t\t\t<div class=\"elementor-element elementor-element-25ee70c elementor-widget__width-initial elementor-widget elementor-widget-text-editor\" data-id=\"25ee70c\" data-element_type=\"widget\" data-e-type=\"widget\" data-widget_type=\"text-editor.default\">\n\t\t\t\t<div class=\"elementor-widget-container\">\n\t\t\t\t\t\t\t\t\t<h4>Information according to \u00a7 5 TMG<\/h4><p>AUVIDIS Real Estate GmbH<br \/>Landgrafenstra\u00dfe 69<br \/>50931 Cologne<\/p><p>Commercial Register: HRB 109124<br \/>Register Court: Cologne<\/p><p><strong>Represented by:<\/strong><br \/>Frank Preuss<\/p><h2>\u00a0<\/h2><h4>Contact<\/h4><p>Phone: +49 221 71 79 42-01<br \/>Email: info@auvidis.ag<\/p><h4>VAT ID<\/h4><p class=\" translation-block\">Sales tax identification number according to \u00a7 27 a Umsatzsteuergesetz:<br>DE350209548<\/p><p><span style=\"color: inherit; font-family: inherit; font-size: 1.5rem; font-weight: bold; background-color: var( --e-global-color-8a2f768 );\"><br \/>EU Dispute Resolution<\/span><\/p><p>The European Commission provides a platform for online dispute resolution (ODR): <a href=\"https:\/\/ec.europa.eu\/consumers\/odr\/\" target=\"_blank\" rel=\"noopener noreferrer\">https:\/\/ec.europa.eu\/consumers\/odr\/<\/a>.<br \/>You can find our email address above in the imprint.<\/p><p><span style=\"color: inherit; font-family: inherit; font-size: 1.5rem; font-weight: bold; background-color: var( --e-global-color-8a2f768 );\"><br \/>Consumer dispute resolution\/<br \/><\/span><span style=\"color: inherit; font-family: inherit; font-size: 1.5rem; font-weight: bold; background-color: var( --e-global-color-8a2f768 );\">Universal Arbitration Board<\/span><\/p><p>We are not willing or obliged to participate in dispute resolution proceedings before a consumer arbitration board.<\/p><p>Source: <a href=\"https:\/\/www.e-recht24.de\/impressum-generator.html\" target=\"_blank\" rel=\"noopener\">https:\/\/www.e-recht24.de\/impressum-generator.html<\/a><\/p>\t\t\t\t\t\t\t\t<\/div>\n\t\t\t\t<\/div>\n\t\t\t\t\t<\/div>\n\t\t<\/div>\n\t\t\t\t\t<\/div>\n\t\t<\/section>\n\t\t\t\t<\/div>","protected":false},"excerpt":{"rendered":"<p>Impressum Angaben gem\u00e4\u00df \u00a7 5 TMG AUVIDIS Real Estate GmbHLandgrafenstra\u00dfe 6950931 K\u00f6ln Handelsregister: HRB 109124Registergericht: K\u00f6ln Vertreten durch:Frank Preuss \u00a0 Kontakt Telefon: +49 221 71 79 42-01E-Mail: info@auvidis.ag Umsatzsteuer-ID Umsatzsteuer-Identifikationsnummer gem\u00e4\u00df \u00a7 27 a Umsatzsteuergesetz:DE350209548 EU-Streitschlichtung Die Europ\u00e4ische Kommission stellt eine Plattform zur Online-Streitbeilegung (OS) bereit: https:\/\/ec.europa.eu\/consumers\/odr\/.Unsere E-Mail-Adresse finden Sie oben im Impressum. Verbraucher\u00adstreit\u00adbeilegung\/Universal\u00adschlichtungs\u00adstelle Wir [&hellip;]<\/p>\n","protected":false},"author":1,"featured_media":0,"parent":0,"menu_order":0,"comment_status":"closed","ping_status":"closed","template":"elementor_header_footer","meta":{"footnotes":""},"class_list":["post-456","page","type-page","status-publish","hentry"],"_links":{"self":[{"href":"https:\/\/auvidis.ag\/en\/wp-json\/wp\/v2\/pages\/456","targetHints":{"allow":["GET"]}}],"collection":[{"href":"https:\/\/auvidis.ag\/en\/wp-json\/wp\/v2\/pages"}],"about":[{"href":"https:\/\/auvidis.ag\/en\/wp-json\/wp\/v2\/types\/page"}],"author":[{"embeddable":true,"href":"https:\/\/auvidis.ag\/en\/wp-json\/wp\/v2\/users\/1"}],"replies":[{"embeddable":true,"href":"https:\/\/auvidis.ag\/en\/wp-json\/wp\/v2\/comments?post=456"}],"version-history":[{"count":40,"href":"https:\/\/auvidis.ag\/en\/wp-json\/wp\/v2\/pages\/456\/revisions"}],"predecessor-version":[{"id":1915,"href":"https:\/\/auvidis.ag\/en\/wp-json\/wp\/v2\/pages\/456\/revisions\/1915"}],"wp:attachment":[{"href":"https:\/\/auvidis.ag\/en\/wp-json\/wp\/v2\/media?parent=456"}],"curies":[{"name":"wp","href":"https:\/\/api.w.org\/{rel}","templated":true}]}}